{"id":10,"date":"2021-01-30T21:19:07","date_gmt":"2021-01-30T21:19:07","guid":{"rendered":"http:\/\/cteg.pt\/?page_id=10"},"modified":"2021-01-30T21:19:07","modified_gmt":"2021-01-30T21:19:07","slug":"inicio","status":"publish","type":"page","link":"https:\/\/cteg.pt\/index.php\/inicio\/","title":{"rendered":"In\u00edcio"},"content":{"rendered":"\n<p>Bem-vindo ao seu site! Esta \u00e9 a sua p\u00e1gina inicial, que \u00e9 o que a maioria dos utilizadores ver\u00e1 ao visitar o seu site pela primeira vez.<\/p>\n","protected":false},"excerpt":{"rendered":"<p>Bem-vindo ao seu site! Esta \u00e9 a sua p\u00e1gina inicial, que \u00e9 o que a maioria dos utilizadores ver\u00e1 ao visitar o seu site pela primeira vez.<\/p>\n","protected":false},"author":1,"featured_media":0,"parent":0,"menu_order":0,"comment_status":"closed","ping_status":"closed","template":"","meta":{"footnotes":""},"class_list":["post-10","page","type-page","status-publish","hentry"],"yoast_head":"<!-- This site is optimized with the Yoast SEO plugin v21.5 - https:\/\/yoast.com\/wordpress\/plugins\/seo\/ -->\n<title>In\u00edcio - CTEG<\/title>\n<meta name=\"robots\" content=\"index, follow, max-snippet:-1, max-image-preview:large, max-video-preview:-1\" \/>\n<link rel=\"canonical\" href=\"https:\/\/cteg.pt\/index.php\/inicio\/\" \/>\n<meta property=\"og:locale\" content=\"pt_PT\" \/>\n<meta property=\"og:type\" content=\"article\" \/>\n<meta property=\"og:title\" content=\"In\u00edcio - CTEG\" \/>\n<meta property=\"og:description\" content=\"Bem-vindo ao seu site! Esta \u00e9 a sua p\u00e1gina inicial, que \u00e9 o que a maioria dos utilizadores ver\u00e1 ao visitar o seu site pela primeira vez.\" \/>\n<meta property=\"og:url\" content=\"https:\/\/cteg.pt\/index.php\/inicio\/\" \/>\n<meta property=\"og:site_name\" content=\"CTEG\" \/>\n<meta property=\"article:publisher\" content=\"https:\/\/m.facebook.com\/cteg.software\/\" \/>\n<meta name=\"twitter:card\" content=\"summary_large_image\" \/>\n<script type=\"application\/ld+json\" class=\"yoast-schema-graph\">{\"@context\":\"https:\/\/schema.org\",\"@graph\":[{\"@type\":\"WebPage\",\"@id\":\"https:\/\/cteg.pt\/index.php\/inicio\/\",\"url\":\"https:\/\/cteg.pt\/index.php\/inicio\/\",\"name\":\"In\u00edcio - CTEG\",\"isPartOf\":{\"@id\":\"https:\/\/cteg.pt\/#website\"},\"datePublished\":\"2021-01-30T21:19:07+00:00\",\"dateModified\":\"2021-01-30T21:19:07+00:00\",\"breadcrumb\":{\"@id\":\"https:\/\/cteg.pt\/index.php\/inicio\/#breadcrumb\"},\"inLanguage\":\"pt-PT\",\"potentialAction\":[{\"@type\":\"ReadAction\",\"target\":[\"https:\/\/cteg.pt\/index.php\/inicio\/\"]}]},{\"@type\":\"BreadcrumbList\",\"@id\":\"https:\/\/cteg.pt\/index.php\/inicio\/#breadcrumb\",\"itemListElement\":[{\"@type\":\"ListItem\",\"position\":1,\"name\":\"Home\",\"item\":\"https:\/\/cteg.pt\/\"},{\"@type\":\"ListItem\",\"position\":2,\"name\":\"In\u00edcio\"}]},{\"@type\":\"WebSite\",\"@id\":\"https:\/\/cteg.pt\/#website\",\"url\":\"https:\/\/cteg.pt\/\",\"name\":\"CTEG - Desenvolvimento de Software - Viana do Castelo - mais de 25 anos de experi\u00eancia\",\"description\":\"Desenvolvimento de Software profissional - Viana do Castelo\",\"publisher\":{\"@id\":\"https:\/\/cteg.pt\/#organization\"},\"potentialAction\":[{\"@type\":\"SearchAction\",\"target\":{\"@type\":\"EntryPoint\",\"urlTemplate\":\"https:\/\/cteg.pt\/?s={search_term_string}\"},\"query-input\":\"required name=search_term_string\"}],\"inLanguage\":\"pt-PT\"},{\"@type\":\"Organization\",\"@id\":\"https:\/\/cteg.pt\/#organization\",\"name\":\"CTEG Lda\",\"url\":\"https:\/\/cteg.pt\/\",\"logo\":{\"@type\":\"ImageObject\",\"inLanguage\":\"pt-PT\",\"@id\":\"https:\/\/cteg.pt\/#\/schema\/logo\/image\/\",\"url\":\"https:\/\/cteg.pt\/wp-content\/uploads\/2023\/10\/cteg_logo_without_core-300x176-1.png\",\"contentUrl\":\"https:\/\/cteg.pt\/wp-content\/uploads\/2023\/10\/cteg_logo_without_core-300x176-1.png\",\"width\":300,\"height\":176,\"caption\":\"CTEG Lda\"},\"image\":{\"@id\":\"https:\/\/cteg.pt\/#\/schema\/logo\/image\/\"},\"sameAs\":[\"https:\/\/m.facebook.com\/cteg.software\/\"]}]}<\/script>\n<!-- \/ Yoast SEO plugin. -->","yoast_head_json":{"title":"In\u00edcio - CTEG","robots":{"index":"index","follow":"follow","max-snippet":"max-snippet:-1","max-image-preview":"max-image-preview:large","max-video-preview":"max-video-preview:-1"},"canonical":"https:\/\/cteg.pt\/index.php\/inicio\/","og_locale":"pt_PT","og_type":"article","og_title":"In\u00edcio - CTEG","og_description":"Bem-vindo ao seu site! Esta \u00e9 a sua p\u00e1gina inicial, que \u00e9 o que a maioria dos utilizadores ver\u00e1 ao visitar o seu site pela primeira vez.","og_url":"https:\/\/cteg.pt\/index.php\/inicio\/","og_site_name":"CTEG","article_publisher":"https:\/\/m.facebook.com\/cteg.software\/","twitter_card":"summary_large_image","schema":{"@context":"https:\/\/schema.org","@graph":[{"@type":"WebPage","@id":"https:\/\/cteg.pt\/index.php\/inicio\/","url":"https:\/\/cteg.pt\/index.php\/inicio\/","name":"In\u00edcio - CTEG","isPartOf":{"@id":"https:\/\/cteg.pt\/#website"},"datePublished":"2021-01-30T21:19:07+00:00","dateModified":"2021-01-30T21:19:07+00:00","breadcrumb":{"@id":"https:\/\/cteg.pt\/index.php\/inicio\/#breadcrumb"},"inLanguage":"pt-PT","potentialAction":[{"@type":"ReadAction","target":["https:\/\/cteg.pt\/index.php\/inicio\/"]}]},{"@type":"BreadcrumbList","@id":"https:\/\/cteg.pt\/index.php\/inicio\/#breadcrumb","itemListElement":[{"@type":"ListItem","position":1,"name":"Home","item":"https:\/\/cteg.pt\/"},{"@type":"ListItem","position":2,"name":"In\u00edcio"}]},{"@type":"WebSite","@id":"https:\/\/cteg.pt\/#website","url":"https:\/\/cteg.pt\/","name":"CTEG - Desenvolvimento de Software - Viana do Castelo - mais de 25 anos de experi\u00eancia","description":"Desenvolvimento de Software profissional - Viana do Castelo","publisher":{"@id":"https:\/\/cteg.pt\/#organization"},"potentialAction":[{"@type":"SearchAction","target":{"@type":"EntryPoint","urlTemplate":"https:\/\/cteg.pt\/?s={search_term_string}"},"query-input":"required name=search_term_string"}],"inLanguage":"pt-PT"},{"@type":"Organization","@id":"https:\/\/cteg.pt\/#organization","name":"CTEG Lda","url":"https:\/\/cteg.pt\/","logo":{"@type":"ImageObject","inLanguage":"pt-PT","@id":"https:\/\/cteg.pt\/#\/schema\/logo\/image\/","url":"https:\/\/cteg.pt\/wp-content\/uploads\/2023\/10\/cteg_logo_without_core-300x176-1.png","contentUrl":"https:\/\/cteg.pt\/wp-content\/uploads\/2023\/10\/cteg_logo_without_core-300x176-1.png","width":300,"height":176,"caption":"CTEG Lda"},"image":{"@id":"https:\/\/cteg.pt\/#\/schema\/logo\/image\/"},"sameAs":["https:\/\/m.facebook.com\/cteg.software\/"]}]}},"_links":{"self":[{"href":"https:\/\/cteg.pt\/index.php\/wp-json\/wp\/v2\/pages\/10","targetHints":{"allow":["GET"]}}],"collection":[{"href":"https:\/\/cteg.pt\/index.php\/wp-json\/wp\/v2\/pages"}],"about":[{"href":"https:\/\/cteg.pt\/index.php\/wp-json\/wp\/v2\/types\/page"}],"author":[{"embeddable":true,"href":"https:\/\/cteg.pt\/index.php\/wp-json\/wp\/v2\/users\/1"}],"replies":[{"embeddable":true,"href":"https:\/\/cteg.pt\/index.php\/wp-json\/wp\/v2\/comments?post=10"}],"version-history":[{"count":1,"href":"https:\/\/cteg.pt\/index.php\/wp-json\/wp\/v2\/pages\/10\/revisions"}],"predecessor-version":[{"id":16,"href":"https:\/\/cteg.pt\/index.php\/wp-json\/wp\/v2\/pages\/10\/revisions\/16"}],"wp:attachment":[{"href":"https:\/\/cteg.pt\/index.php\/wp-json\/wp\/v2\/media?parent=10"}],"curies":[{"name":"wp","href":"https:\/\/api.w.org\/{rel}","templated":true}]}}